{"id":505,"date":"2023-12-01T13:22:13","date_gmt":"2023-12-01T13:22:13","guid":{"rendered":"https:\/\/serviceforyou-lb.com\/?page_id=505"},"modified":"2023-12-08T23:32:23","modified_gmt":"2023-12-08T23:32:23","slug":"conseils-gouvernance-it","status":"publish","type":"page","link":"http:\/\/serviceforyou-lb.com\/fr\/conseils-gouvernance-it","title":{"rendered":"Gouvernance Informatique"},"content":{"rendered":"<div data-elementor-type=\"wp-post\" data-elementor-id=\"505\" class=\"elementor elementor-505\" data-elementor-settings=\"[]\">\n\t\t\t\t\t\t<div class=\"elementor-inner\">\n\t\t\t\t\t\t\t<div class=\"elementor-section-wrap\">\n\t\t\t\t\t\t\t<section id=\"neb-section-particles-e1e1d72\" class=\"elementor-section elementor-top-section elementor-element elementor-element-e1e1d72 elementor-section-boxed elementor-section-height-default elementor-section-height-default\" data-id=\"e1e1d72\" data-element_type=\"section\" data-settings=\"{&quot;background_background&quot;:&quot;classic&quot;,&quot;neb_particle_switch&quot;:&quot;yes&quot;,&quot;neb_reduced_motion_switch&quot;:&quot;yes&quot;,&quot;neb_particle_area_zindex&quot;:-1,&quot;neb_particle_theme_from&quot;:&quot;presets&quot;,&quot;neb_particle_preset_themes&quot;:&quot;default&quot;,&quot;_ha_eqh_enable&quot;:false}\">\n\t\t\t\t\t\t<div class=\"elementor-container elementor-column-gap-default\">\n\t\t\t\t\t\t\t<div class=\"elementor-row\">\n\t\t\t\t\t<div class=\"elementor-column elementor-col-100 elementor-top-column elementor-element elementor-element-2bae370\" data-id=\"2bae370\" data-element_type=\"column\">\n\t\t\t<div class=\"elementor-column-wrap elementor-element-populated\">\n\t\t\t\t\t\t\t<div class=\"elementor-widget-wrap\">\n\t\t\t\t\t\t<section class=\"elementor-section elementor-inner-section elementor-element elementor-element-2a1053c elementor-section-content-top elementor-section-boxed elementor-section-height-default elementor-section-height-default\" data-id=\"2a1053c\" data-element_type=\"section\" data-settings=\"{&quot;_ha_eqh_enable&quot;:false}\">\n\t\t\t\t\t\t<div class=\"elementor-container elementor-column-gap-default\">\n\t\t\t\t\t\t\t<div class=\"elementor-row\">\n\t\t\t\t\t<div class=\"elementor-column elementor-col-50 elementor-inner-column elementor-element elementor-element-225d954\" data-id=\"225d954\" data-element_type=\"column\" data-settings=\"{&quot;background_background&quot;:&quot;classic&quot;}\">\n\t\t\t<div class=\"elementor-column-wrap elementor-element-populated\">\n\t\t\t\t\t\t\t<div class=\"elementor-widget-wrap\">\n\t\t\t\t\t\t<div class=\"elementor-element elementor-element-45cd2c0 elementor-view-default elementor-widget elementor-widget-icon\" data-id=\"45cd2c0\" data-element_type=\"widget\" data-widget_type=\"icon.default\">\n\t\t\t\t<div class=\"elementor-widget-container\">\n\t\t\t\t\t<div class=\"elementor-icon-wrapper\">\n\t\t\t<div class=\"elementor-icon\">\n\t\t\t<i aria-hidden=\"true\" class=\"fas fa-star\"><\/i>\t\t\t<\/div>\n\t\t<\/div>\n\t\t\t\t<\/div>\n\t\t\t\t<\/div>\n\t\t\t\t\t\t<\/div>\n\t\t\t\t\t<\/div>\n\t\t<\/div>\n\t\t\t\t<div class=\"elementor-column elementor-col-50 elementor-inner-column elementor-element elementor-element-a021ad4\" data-id=\"a021ad4\" data-element_type=\"column\" data-settings=\"{&quot;background_background&quot;:&quot;classic&quot;}\">\n\t\t\t<div class=\"elementor-column-wrap elementor-element-populated\">\n\t\t\t\t\t\t\t<div class=\"elementor-widget-wrap\">\n\t\t\t\t\t\t<div class=\"elementor-element elementor-element-2773bd5 elementor-widget elementor-widget-heading\" data-id=\"2773bd5\" data-element_type=\"widget\" data-widget_type=\"heading.default\">\n\t\t\t\t<div class=\"elementor-widget-container\">\n\t\t\t<div class=\"elementor-heading-title elementor-size-default\">SERVICE FOR YOU, La Compagnie Digitale 100% 5A - 400% LOW CODE<\/div>\t\t<\/div>\n\t\t\t\t<\/div>\n\t\t\t\t<div class=\"elementor-element elementor-element-783485f elementor-widget elementor-widget-heading\" data-id=\"783485f\" data-element_type=\"widget\" data-widget_type=\"heading.default\">\n\t\t\t\t<div class=\"elementor-widget-container\">\n\t\t\t<h1 class=\"elementor-heading-title elementor-size-large\">services d'ing\u00e9nierie et conseils en technologie de l\u2019information et management<\/h1>\t\t<\/div>\n\t\t\t\t<\/div>\n\t\t\t\t<div class=\"elementor-element elementor-element-e284917 elementor-widget elementor-widget-text-editor\" data-id=\"e284917\" data-element_type=\"widget\" data-widget_type=\"text-editor.default\">\n\t\t\t\t<div class=\"elementor-widget-container\">\n\t\t\t\t\t\t\t\t<div class=\"elementor-text-editor elementor-clearfix\">\n\t\t\t\t<p>Service For You, votre partenaire 5A pour une digitalisation r\u00e9ussie. Nous mettons \u00e0 profit notre expertise pour transformer votre entreprise et vous aider \u00e0 vous d\u00e9marquer \u00e0 l\u2019\u00e8re du num\u00e9rique. Faites confiance \u00e0 notre \u00e9quipe d\u2019experts pour vous conduire vers une exp\u00e9rience digitale optimale et robuste !<\/p>\t\t\t\t\t<\/div>\n\t\t\t\t\t\t<\/div>\n\t\t\t\t<\/div>\n\t\t\t\t<div class=\"elementor-element elementor-element-d5e0e29 elementor-align-left elementor-mobile-align-center elementor-hidden-desktop elementor-hidden-tablet elementor-hidden-phone elementor-widget elementor-widget-button\" data-id=\"d5e0e29\" data-element_type=\"widget\" data-widget_type=\"button.default\">\n\t\t\t\t<div class=\"elementor-widget-container\">\n\t\t\t\t\t<div class=\"elementor-button-wrapper\">\n\t\t\t<a href=\"https:\/\/serviceforyou.fr\/freelancer-about\/\" class=\"elementor-button-link elementor-button elementor-size-xl\" role=\"button\">\n\t\t\t\t\t\t<span class=\"elementor-button-content-wrapper\">\n\t\t\t\t\t\t<span class=\"elementor-button-text\">LEarn more<\/span>\n\t\t<\/span>\n\t\t\t\t\t<\/a>\n\t\t<\/div>\n\t\t\t\t<\/div>\n\t\t\t\t<\/div>\n\t\t\t\t\t\t<\/div>\n\t\t\t\t\t<\/div>\n\t\t<\/div>\n\t\t\t\t\t\t\t\t<\/div>\n\t\t\t\t\t<\/div>\n\t\t<\/section>\n\t\t\t\t<div class=\"elementor-element elementor-element-d9d9f99 elementor-widget elementor-widget-spacer\" data-id=\"d9d9f99\" data-element_type=\"widget\" data-widget_type=\"spacer.default\">\n\t\t\t\t<div class=\"elementor-widget-container\">\n\t\t\t\t\t<div class=\"elementor-spacer\">\n\t\t\t<div class=\"elementor-spacer-inner\"><\/div>\n\t\t<\/div>\n\t\t\t\t<\/div>\n\t\t\t\t<\/div>\n\t\t\t\t\t\t<\/div>\n\t\t\t\t\t<\/div>\n\t\t<\/div>\n\t\t\t\t\t\t\t\t<\/div>\n\t\t\t\t\t<\/div>\n\t\t<\/section>\n\t\t\t\t\t<style>\n\t\t\t\t.elementor-element-e1e1d72.neb-particles-section > canvas {\n\t\t\t\t\tz-index: -1;\n\t\t\t\t\tposition: absolute;\n\t\t\t\t\ttop: 0;\n\t\t\t\t}\n\t\t\t<\/style>\n\t\t\t\t\t<section class=\"elementor-section elementor-top-section elementor-element elementor-element-084cbac elementor-section-boxed elementor-section-height-default elementor-section-height-default\" data-id=\"084cbac\" data-element_type=\"section\" data-settings=\"{&quot;background_background&quot;:&quot;classic&quot;,&quot;_ha_eqh_enable&quot;:false}\">\n\t\t\t\t\t\t<div class=\"elementor-container elementor-column-gap-default\">\n\t\t\t\t\t\t\t<div class=\"elementor-row\">\n\t\t\t\t\t<div class=\"elementor-column elementor-col-100 elementor-top-column elementor-element elementor-element-1d6a3c0\" data-id=\"1d6a3c0\" data-element_type=\"column\">\n\t\t\t<div class=\"elementor-column-wrap elementor-element-populated\">\n\t\t\t\t\t\t\t<div class=\"elementor-widget-wrap\">\n\t\t\t\t\t\t<div class=\"elementor-element elementor-element-0f4d6ae elementor-widget elementor-widget-spacer\" data-id=\"0f4d6ae\" data-element_type=\"widget\" data-widget_type=\"spacer.default\">\n\t\t\t\t<div class=\"elementor-widget-container\">\n\t\t\t\t\t<div class=\"elementor-spacer\">\n\t\t\t<div class=\"elementor-spacer-inner\"><\/div>\n\t\t<\/div>\n\t\t\t\t<\/div>\n\t\t\t\t<\/div>\n\t\t\t\t\t\t<\/div>\n\t\t\t\t\t<\/div>\n\t\t<\/div>\n\t\t\t\t\t\t\t\t<\/div>\n\t\t\t\t\t<\/div>\n\t\t<\/section>\n\t\t\t\t<section class=\"elementor-section elementor-top-section elementor-element elementor-element-7800ba5 elementor-section-boxed elementor-section-height-default elementor-section-height-default\" data-id=\"7800ba5\" data-element_type=\"section\" data-settings=\"{&quot;background_background&quot;:&quot;slideshow&quot;,&quot;background_slideshow_gallery&quot;:[],&quot;background_slideshow_loop&quot;:&quot;yes&quot;,&quot;background_slideshow_slide_duration&quot;:5000,&quot;background_slideshow_slide_transition&quot;:&quot;fade&quot;,&quot;background_slideshow_transition_duration&quot;:500,&quot;_ha_eqh_enable&quot;:false}\">\n\t\t\t\t\t\t<div class=\"elementor-container elementor-column-gap-default\">\n\t\t\t\t\t\t\t<div class=\"elementor-row\">\n\t\t\t\t\t<div class=\"elementor-column elementor-col-100 elementor-top-column elementor-element elementor-element-dcb3866\" data-id=\"dcb3866\" data-element_type=\"column\">\n\t\t\t<div class=\"elementor-column-wrap elementor-element-populated\">\n\t\t\t\t\t\t\t<div class=\"elementor-widget-wrap\">\n\t\t\t\t\t\t<div class=\"elementor-element elementor-element-26af344 elementor-widget elementor-widget-heading\" data-id=\"26af344\" data-element_type=\"widget\" data-widget_type=\"heading.default\">\n\t\t\t\t<div class=\"elementor-widget-container\">\n\t\t\t<h2 class=\"elementor-heading-title elementor-size-default\">Une approche \u00e0 360 d\u00e9gr\u00e9s de la gouvernance et de la strategie IT pour couvrir l'ensemble de vos besoins<\/h2>\t\t<\/div>\n\t\t\t\t<\/div>\n\t\t\t\t<div class=\"elementor-element elementor-element-a32b425 elementor-widget elementor-widget-text-editor\" data-id=\"a32b425\" data-element_type=\"widget\" data-widget_type=\"text-editor.default\">\n\t\t\t\t<div class=\"elementor-widget-container\">\n\t\t\t\t\t\t\t\t<div class=\"elementor-text-editor elementor-clearfix\">\n\t\t\t\t<p class=\"p1\">Notre cabinet de conseil couvrons l&#8217;ensemble des disciplines n\u00e9cessaires \u00e0 la mise en \u0153uvre d&#8217;une gouvernance robuste des syst\u00e8mes d&#8217;information et des technologies au sein des organisations. Qu&#8217;il s&#8217;agisse de d\u00e9finir une strat\u00e9gie IT align\u00e9e avec les objectifs m\u00e9tiers, d&#8217;optimiser la gestion des services num\u00e9riques, de ma\u00eetriser les risques technologiques ou encore de garantir la conformit\u00e9 aux r\u00e9glementations, nous accompagnons nos clients de A \u00e0 Z.<\/p><p class=\"p1\">Nos \u00e9quipes conjuguent une expertise m\u00e9tier pointue \u00e0 une parfaite ma\u00eetrise des meilleurs r\u00e9f\u00e9rentiels et pratiques du march\u00e9, tels qu\u2019ITIL, COBIT, ISO 20000 ou ISO 27001. Nous aidons ainsi chaque organisation \u00e0 \u00e9laborer une gouvernance <em><span style=\"text-decoration: underline;\">sur-mesure, adapt\u00e9e \u00e0 son contexte sp\u00e9cifique, ses enjeux sectoriels et le niveau de maturit\u00e9 de ses processus internes.<\/span><\/em><\/p><p class=\"p1\">Qu&#8217;il s&#8217;agisse de d\u00e9finir une strat\u00e9gie technologique adapt\u00e9e, de mettre en place des processus efficaces de gestion des services num\u00e9riques, de ma\u00eetriser les risques informatiques, d&#8217;optimiser les investissements ou encore de garantir la conformit\u00e9 aux contraintes l\u00e9gales, nos consultants interviennent comme des partenaires de confiance. Grace \u00e0 cette approche 360\u00b0, nous assurons que les syst\u00e8mes d&#8217;information contribuent efficacement \u00e0 la performance globale de l\u2019entreprise.<\/p><p class=\"p1\"><b>Gestion des services informatiques (ITSM) :<\/b> Nous sommes sp\u00e9cialis\u00e9s dans l&#8217;accompagnement des organisations pour la mise en place de cadres de gestion efficaces des services IT, tels qu\u2019ITIL, permettant d\u2019aligner les services informatiques avec les objectifs m\u00e9tiers. En rationalisant les processus, optimisant la fourniture des services et am\u00e9liorant la satisfaction client, nous permettons aux organisations de d\u00e9livrer des services informatiques de haute qualit\u00e9.<\/p><p class=\"p1\"><b>Gestion de l\u2019exploitation informatique (ITOM) :<\/b> Nos services ITOM sont centr\u00e9s sur la gestion et l\u2019optimisation des infrastructures IT pour assurer de hautes performances, disponibilit\u00e9 et s\u00e9curit\u00e9. Nous aidons les organisations \u00e0 mettre en place des solutions avanc\u00e9es de supervision et de gestion des \u00e9v\u00e8nements, \u00e0 tirer profit de l\u2019automatisation et \u00e0 employer l\u2019analytique pour identifier et r\u00e9soudre de mani\u00e8re proactive les probl\u00e8mes IT.<\/p><p class=\"p1\"><b>Gestion des actifs informatiques (ITAM) :<\/b> Nous aidons les organisations \u00e0 g\u00e9rer leurs actifs informatiques sur l\u2019ensemble de leur cycle de vie, de l\u2019approvisionnement au retrait de service. En implantant des processus ITAM robustes, les organisations peuvent optimiser l\u2019utilisation des actifs, minimiser les co\u00fbts, assurer la conformit\u00e9 et att\u00e9nuer les risques.<\/p><p class=\"p1\"><b>Gestion de portefeuille IT (ITBM) :<\/b> Notre expertise ITBM permet aux organisations d&#8217;aligner les investissements informatiques sur les objectifs strat\u00e9giques, d\u2019optimiser l\u2019allocation des ressources et de mesurer la performance IT. Nous accompagnons dans la gestion de portefeuille, la priorisation des projets et la mise en place de cadres de gouvernance stimulant l\u2019innovation et la croissance.<\/p><p class=\"p1\"><b>Gestion des processus m\u00e9tier (BPM) :<\/b> Nous accompagnons les organisations dans l&#8217;optimisation et l&#8217;automatisation de leurs processus m\u00e9tier, en alignant ceux-ci avec la strat\u00e9gie de l&#8217;entreprise et les objectifs op\u00e9rationnels. Gr\u00e2ce \u00e0 notre expertise en mod\u00e9lisation, analyse et transformation des processus, nous g\u00e9n\u00e9rons des gains d&#8217;efficacit\u00e9, de productivit\u00e9 et d&#8217;agilit\u00e9 au sein des op\u00e9rations de nos clients.<\/p><p class=\"p1\"><b>Gestion de la gouvernance, du risque et de la conformit\u00e9 (GRC) :<\/b> Nous aidons les organisations \u00e0 renforcer leur gouvernance en implantant des cadres efficaces de gestion des risques et de la conformit\u00e9. Nos services couvrent l&#8217;identification et l&#8217;\u00e9valuation des menaces, la d\u00e9finition de politiques et contr\u00f4les ad\u00e9quats, ainsi que le monitoring et l&#8217;audit continu de l&#8217;environnement de contr\u00f4le. Ceci permet d\u2019assurer la r\u00e9silience op\u00e9rationnelle et la r\u00e9putation de nos clients.<\/p><p class=\"p1\"><b>Gestion des services RH (HRSD) :<\/b> Nous permettons d&#8217;optimiser la qualit\u00e9 et l&#8217;efficience de la fonction RH, en transformant cette derni\u00e8re en un v\u00e9ritable partenaire strat\u00e9gique interne. Pour cela, nous rationalisons les processus RH, mettons en place des centres de services partag\u00e9s, deployons des solutions digitales innovantes, et formons les \u00e9quipes aux meilleures pratiques.<\/p><p class=\"p1\"><b>Gestion de l&#8217;exp\u00e9rience client (CSM) :<\/b> Nous aidons les entreprises \u00e0 placer le client au c\u0153ur de leurs op\u00e9rations, en transformant les parcours utilisateurs et en cultivant l&#8217;engagement \u00e0 chaque interaction. Pour cela, nous cartographions le voyage client, identifions les irritants, et mettons en place des processes et outils permettant d\u2019offrir une exp\u00e9rience fluide et personnalis\u00e9e.<\/p><p class=\"p1\"><b>Gestion de la s\u00e9curit\u00e9 de l&#8217;information (ISM) :<\/b> Nous permettons aux organisations de prot\u00e9ger leurs actifs informationnels critiques contre les cybermenaces. Pour cela, nous \u00e9valuons la posture de s\u00e9curit\u00e9, d\u00e9finissons des strat\u00e9gies de d\u00e9fense adapt\u00e9es aux enjeux m\u00e9tier, d\u00e9ployons des solutions technologiques de pointe, et formons les utilisateurs aux bonnes pratiques.<\/p>\t\t\t\t\t<\/div>\n\t\t\t\t\t\t<\/div>\n\t\t\t\t<\/div>\n\t\t\t\t\t\t<\/div>\n\t\t\t\t\t<\/div>\n\t\t<\/div>\n\t\t\t\t\t\t\t\t<\/div>\n\t\t\t\t\t<\/div>\n\t\t<\/section>\n\t\t\t\t<section class=\"elementor-section elementor-top-section elementor-element elementor-element-440f021 elementor-section-boxed elementor-section-height-default elementor-section-height-default\" data-id=\"440f021\" data-element_type=\"section\" data-settings=\"{&quot;background_background&quot;:&quot;classic&quot;,&quot;_ha_eqh_enable&quot;:false}\">\n\t\t\t\t\t\t<div class=\"elementor-container elementor-column-gap-default\">\n\t\t\t\t\t\t\t<div class=\"elementor-row\">\n\t\t\t\t\t<div class=\"elementor-column elementor-col-100 elementor-top-column elementor-element elementor-element-ef76289\" data-id=\"ef76289\" data-element_type=\"column\">\n\t\t\t<div class=\"elementor-column-wrap\">\n\t\t\t\t\t\t\t<div class=\"elementor-widget-wrap\">\n\t\t\t\t\t\t\t\t<\/div>\n\t\t\t\t\t<\/div>\n\t\t<\/div>\n\t\t\t\t\t\t\t\t<\/div>\n\t\t\t\t\t<\/div>\n\t\t<\/section>\n\t\t\t\t<section class=\"elementor-section elementor-top-section elementor-element elementor-element-9489d3c elementor-section-boxed elementor-section-height-default elementor-section-height-default\" data-id=\"9489d3c\" data-element_type=\"section\" data-settings=\"{&quot;background_background&quot;:&quot;classic&quot;,&quot;_ha_eqh_enable&quot;:false}\">\n\t\t\t\t\t\t\t<div class=\"elementor-background-overlay\"><\/div>\n\t\t\t\t\t\t\t<div class=\"elementor-container elementor-column-gap-default\">\n\t\t\t\t\t\t\t<div class=\"elementor-row\">\n\t\t\t\t\t<div class=\"elementor-column elementor-col-100 elementor-top-column elementor-element elementor-element-32a381c\" data-id=\"32a381c\" data-element_type=\"column\">\n\t\t\t<div class=\"elementor-column-wrap elementor-element-populated\">\n\t\t\t\t\t\t\t<div class=\"elementor-widget-wrap\">\n\t\t\t\t\t\t<section class=\"elementor-section elementor-inner-section elementor-element elementor-element-ae64ee1 elementor-section-boxed elementor-section-height-default elementor-section-height-default\" data-id=\"ae64ee1\" data-element_type=\"section\" data-settings=\"{&quot;_ha_eqh_enable&quot;:false}\">\n\t\t\t\t\t\t<div class=\"elementor-container elementor-column-gap-default\">\n\t\t\t\t\t\t\t<div class=\"elementor-row\">\n\t\t\t\t\t<div class=\"elementor-column elementor-col-100 elementor-inner-column elementor-element elementor-element-bb3eec4\" data-id=\"bb3eec4\" data-element_type=\"column\" data-settings=\"{&quot;background_background&quot;:&quot;classic&quot;}\">\n\t\t\t<div class=\"elementor-column-wrap elementor-element-populated\">\n\t\t\t\t\t\t\t<div class=\"elementor-widget-wrap\">\n\t\t\t\t\t\t<div class=\"elementor-element elementor-element-44b440a elementor-widget elementor-widget-heading\" data-id=\"44b440a\" data-element_type=\"widget\" data-widget_type=\"heading.default\">\n\t\t\t\t<div class=\"elementor-widget-container\">\n\t\t\t<span class=\"elementor-heading-title elementor-size-default\">Vous avez besoin d'aide pour votre projet ?<\/span>\t\t<\/div>\n\t\t\t\t<\/div>\n\t\t\t\t<div class=\"elementor-element elementor-element-b5a4509 elementor-widget elementor-widget-heading\" data-id=\"b5a4509\" data-element_type=\"widget\" data-widget_type=\"heading.default\">\n\t\t\t\t<div class=\"elementor-widget-container\">\n\t\t\t<h2 class=\"elementor-heading-title elementor-size-default\">Contacter nous<\/h2>\t\t<\/div>\n\t\t\t\t<\/div>\n\t\t\t\t<div class=\"elementor-element elementor-element-03054de elementor-widget elementor-widget-spacer\" data-id=\"03054de\" data-element_type=\"widget\" data-widget_type=\"spacer.default\">\n\t\t\t\t<div class=\"elementor-widget-container\">\n\t\t\t\t\t<div class=\"elementor-spacer\">\n\t\t\t<div class=\"elementor-spacer-inner\"><\/div>\n\t\t<\/div>\n\t\t\t\t<\/div>\n\t\t\t\t<\/div>\n\t\t\t\t<div class=\"elementor-element elementor-element-cbace4d elementor-button-align-stretch elementor-widget elementor-widget-form\" data-id=\"cbace4d\" data-element_type=\"widget\" data-settings=\"{&quot;step_next_label&quot;:&quot;Suivant&quot;,&quot;step_previous_label&quot;:&quot;Pr\\u00e9c\\u00e9dent&quot;,&quot;button_width&quot;:&quot;100&quot;,&quot;step_type&quot;:&quot;number_text&quot;,&quot;step_icon_shape&quot;:&quot;circle&quot;}\" data-widget_type=\"form.default\">\n\t\t\t\t<div class=\"elementor-widget-container\">\n\t\t\t\t\t<form class=\"elementor-form\" method=\"post\" name=\"Nouveau formulaire\" action=\"\">\n\t\t\t<input type=\"hidden\" name=\"post_id\" value=\"505\"\/>\n\t\t\t<input type=\"hidden\" name=\"form_id\" value=\"cbace4d\"\/>\n\t\t\t<input type=\"hidden\" name=\"referer_title\" value=\"\" \/>\n\n\t\t\t\n\t\t\t<div class=\"elementor-form-fields-wrapper elementor-labels-\">\n\t\t\t\t\t\t\t\t<div class=\"elementor-field-type-text elementor-field-group elementor-column elementor-field-group-name elementor-col-100\">\n\t\t\t\t\t<label for=\"form-field-name\" class=\"elementor-field-label elementor-screen-only\">Nom<\/label><input size=\"1\" type=\"text\" name=\"form_fields[name]\" id=\"form-field-name\" class=\"elementor-field elementor-size-sm  elementor-field-textual\" placeholder=\"Nom\">\t\t\t\t<\/div>\n\t\t\t\t\t\t\t\t<div class=\"elementor-field-type-text elementor-field-group elementor-column elementor-field-group-field_b4e091c elementor-col-100\">\n\t\t\t\t\t<label for=\"form-field-field_b4e091c\" class=\"elementor-field-label elementor-screen-only\">Entreprise<\/label><input size=\"1\" type=\"text\" name=\"form_fields[field_b4e091c]\" id=\"form-field-field_b4e091c\" class=\"elementor-field elementor-size-sm  elementor-field-textual\" placeholder=\"Entreprise\">\t\t\t\t<\/div>\n\t\t\t\t\t\t\t\t<div class=\"elementor-field-type-email elementor-field-group elementor-column elementor-field-group-email elementor-col-100 elementor-field-required\">\n\t\t\t\t\t<label for=\"form-field-email\" class=\"elementor-field-label elementor-screen-only\">E-mail<\/label><input size=\"1\" type=\"email\" name=\"form_fields[email]\" id=\"form-field-email\" class=\"elementor-field elementor-size-sm  elementor-field-textual\" placeholder=\"E-mail\" required=\"required\" aria-required=\"true\">\t\t\t\t<\/div>\n\t\t\t\t\t\t\t\t<div class=\"elementor-field-type-textarea elementor-field-group elementor-column elementor-field-group-message elementor-col-100\">\n\t\t\t\t\t<label for=\"form-field-message\" class=\"elementor-field-label elementor-screen-only\">Message<\/label><textarea class=\"elementor-field-textual elementor-field  elementor-size-sm\" name=\"form_fields[message]\" id=\"form-field-message\" rows=\"4\" placeholder=\"Message\"><\/textarea>\t\t\t\t<\/div>\n\t\t\t\t\t\t\t\t<div class=\"elementor-field-group elementor-column elementor-field-type-submit elementor-col-100 e-form__buttons\">\n\t\t\t\t\t<button type=\"submit\" class=\"elementor-button elementor-size-sm\">\n\t\t\t\t\t\t<span >\n\t\t\t\t\t\t\t\t\t\t\t\t\t\t\t<span class=\"elementor-button-icon\">\n\t\t\t\t\t\t\t\t\t\t\t\t\t\t\t\t\t\t\t\t\t\t\t\t\t\t<\/span>\n\t\t\t\t\t\t\t\t\t\t\t\t\t\t\t\t\t\t\t\t\t\t<span class=\"elementor-button-text\">Envoyer<\/span>\n\t\t\t\t\t\t\t\t\t\t\t\t\t<\/span>\n\t\t\t\t\t<\/button>\n\t\t\t\t<\/div>\n\t\t\t<\/div>\n\t\t<input type=\"hidden\" name=\"trp-form-language\" value=\"fr\"\/><\/form>\n\t\t\t\t<\/div>\n\t\t\t\t<\/div>\n\t\t\t\t\t\t<\/div>\n\t\t\t\t\t<\/div>\n\t\t<\/div>\n\t\t\t\t\t\t\t\t<\/div>\n\t\t\t\t\t<\/div>\n\t\t<\/section>\n\t\t\t\t\t\t<\/div>\n\t\t\t\t\t<\/div>\n\t\t<\/div>\n\t\t\t\t\t\t\t\t<\/div>\n\t\t\t\t\t<\/div>\n\t\t<\/section>\n\t\t\t\t\t\t<\/div>\n\t\t\t\t\t\t<\/div>\n\t\t\t\t\t<\/div>","protected":false},"excerpt":{"rendered":"<p>SERVICE FOR YOU, La Compagnie Digitale 100% 5A &#8211; 400% LOW CODE services d&#8217;ing\u00e9nierie et conseils en technologie de l\u2019information et management Service For You, votre partenaire 5A pour une digitalisation r\u00e9ussie. Nous mettons \u00e0 profit notre expertise pour transformer votre entreprise et vous aider \u00e0 vous d\u00e9marquer \u00e0 l\u2019\u00e8re du num\u00e9rique. Faites confiance \u00e0&hellip;&nbsp;<a href=\"http:\/\/serviceforyou-lb.com\/fr\/conseils-gouvernance-it\" class=\"\" rel=\"bookmark\">Lire la suite &raquo;<span class=\"screen-reader-text\">Gouvernance Informatique<\/span><\/a><\/p>","protected":false},"author":5,"featured_media":5,"parent":0,"menu_order":0,"comment_status":"closed","ping_status":"closed","template":"elementor_header_footer","meta":{"neve_meta_sidebar":"","neve_meta_container":"","neve_meta_enable_content_width":"","neve_meta_content_width":70,"neve_meta_title_alignment":"","neve_meta_author_avatar":"","neve_post_elements_order":"","neve_meta_disable_header":"","neve_meta_disable_footer":"","neve_meta_disable_title":"","neve_meta_reading_time":"","_ti_tpc_template_sync":false,"_ti_tpc_template_id":"u90922ussclbv82fyemu","footnotes":""},"class_list":["post-505","page","type-page","status-publish","has-post-thumbnail","hentry"],"_links":{"self":[{"href":"http:\/\/serviceforyou-lb.com\/fr\/wp-json\/wp\/v2\/pages\/505","targetHints":{"allow":["GET"]}}],"collection":[{"href":"http:\/\/serviceforyou-lb.com\/fr\/wp-json\/wp\/v2\/pages"}],"about":[{"href":"http:\/\/serviceforyou-lb.com\/fr\/wp-json\/wp\/v2\/types\/page"}],"author":[{"embeddable":true,"href":"http:\/\/serviceforyou-lb.com\/fr\/wp-json\/wp\/v2\/users\/5"}],"replies":[{"embeddable":true,"href":"http:\/\/serviceforyou-lb.com\/fr\/wp-json\/wp\/v2\/comments?post=505"}],"version-history":[{"count":10,"href":"http:\/\/serviceforyou-lb.com\/fr\/wp-json\/wp\/v2\/pages\/505\/revisions"}],"predecessor-version":[{"id":726,"href":"http:\/\/serviceforyou-lb.com\/fr\/wp-json\/wp\/v2\/pages\/505\/revisions\/726"}],"wp:featuredmedia":[{"embeddable":true,"href":"http:\/\/serviceforyou-lb.com\/fr\/wp-json\/wp\/v2\/media\/5"}],"wp:attachment":[{"href":"http:\/\/serviceforyou-lb.com\/fr\/wp-json\/wp\/v2\/media?parent=505"}],"curies":[{"name":"wp","href":"https:\/\/api.w.org\/{rel}","templated":true}]}}