{"id":560,"date":"2023-12-03T21:11:15","date_gmt":"2023-12-03T21:11:15","guid":{"rendered":"https:\/\/serviceforyou-lb.com\/?page_id=560"},"modified":"2023-12-08T23:31:16","modified_gmt":"2023-12-08T23:31:16","slug":"management-de-transition-des-systemes-d-informations","status":"publish","type":"page","link":"http:\/\/serviceforyou-lb.com\/fr\/management-de-transition-des-systemes-d-informations","title":{"rendered":"Management de Transition des SI"},"content":{"rendered":"<div data-elementor-type=\"wp-post\" data-elementor-id=\"560\" class=\"elementor elementor-560\" data-elementor-settings=\"[]\">\n\t\t\t\t\t\t<div class=\"elementor-inner\">\n\t\t\t\t\t\t\t<div class=\"elementor-section-wrap\">\n\t\t\t\t\t\t\t<section id=\"neb-section-particles-e1e1d72\" class=\"elementor-section elementor-top-section elementor-element elementor-element-e1e1d72 elementor-section-full_width elementor-section-height-default elementor-section-height-default\" data-id=\"e1e1d72\" data-element_type=\"section\" data-settings=\"{&quot;background_background&quot;:&quot;classic&quot;,&quot;neb_particle_switch&quot;:&quot;yes&quot;,&quot;neb_reduced_motion_switch&quot;:&quot;yes&quot;,&quot;neb_particle_area_zindex&quot;:-1,&quot;neb_particle_theme_from&quot;:&quot;presets&quot;,&quot;neb_particle_preset_themes&quot;:&quot;default&quot;,&quot;_ha_eqh_enable&quot;:false}\">\n\t\t\t\t\t\t<div class=\"elementor-container elementor-column-gap-default\">\n\t\t\t\t\t\t\t<div class=\"elementor-row\">\n\t\t\t\t\t<div class=\"elementor-column elementor-col-100 elementor-top-column elementor-element elementor-element-2bae370\" data-id=\"2bae370\" data-element_type=\"column\">\n\t\t\t<div class=\"elementor-column-wrap elementor-element-populated\">\n\t\t\t\t\t\t\t<div class=\"elementor-widget-wrap\">\n\t\t\t\t\t\t<section class=\"elementor-section elementor-inner-section elementor-element elementor-element-2a1053c elementor-section-content-top elementor-section-boxed elementor-section-height-default elementor-section-height-default\" data-id=\"2a1053c\" data-element_type=\"section\" data-settings=\"{&quot;_ha_eqh_enable&quot;:false}\">\n\t\t\t\t\t\t<div class=\"elementor-container elementor-column-gap-default\">\n\t\t\t\t\t\t\t<div class=\"elementor-row\">\n\t\t\t\t\t<div class=\"elementor-column elementor-col-100 elementor-inner-column elementor-element elementor-element-a021ad4\" data-id=\"a021ad4\" data-element_type=\"column\" data-settings=\"{&quot;background_background&quot;:&quot;classic&quot;}\">\n\t\t\t<div class=\"elementor-column-wrap elementor-element-populated\">\n\t\t\t\t\t\t\t<div class=\"elementor-widget-wrap\">\n\t\t\t\t\t\t<div class=\"elementor-element elementor-element-2773bd5 elementor-widget elementor-widget-heading\" data-id=\"2773bd5\" data-element_type=\"widget\" data-widget_type=\"heading.default\">\n\t\t\t\t<div class=\"elementor-widget-container\">\n\t\t\t<div class=\"elementor-heading-title elementor-size-default\">SERVICE FOR YOU, La Compagnie Digitale 100% 5A - 400% LOW CODE<\/div>\t\t<\/div>\n\t\t\t\t<\/div>\n\t\t\t\t<div class=\"elementor-element elementor-element-783485f elementor-widget elementor-widget-heading\" data-id=\"783485f\" data-element_type=\"widget\" data-widget_type=\"heading.default\">\n\t\t\t\t<div class=\"elementor-widget-container\">\n\t\t\t<h1 class=\"elementor-heading-title elementor-size-large\">Directeur des Syst\u00e8mes d\u2019Information de transition POur un pilotage serein de votre transformation digitale<\/h1>\t\t<\/div>\n\t\t\t\t<\/div>\n\t\t\t\t<div class=\"elementor-element elementor-element-e284917 elementor-widget__width-initial elementor-widget elementor-widget-text-editor\" data-id=\"e284917\" data-element_type=\"widget\" data-widget_type=\"text-editor.default\">\n\t\t\t\t<div class=\"elementor-widget-container\">\n\t\t\t\t\t\t\t\t<div class=\"elementor-text-editor elementor-clearfix\">\n\t\t\t\t<p class=\"p1\">Dans un contexte business disruptif, la modernisation du syst\u00e8me d&#8217;information repr\u00e9sente un d\u00e9fi strat\u00e9gique de taille pour les DSI. Comment conduire sereinement ces projets complexes, lourds d&#8217;investissements, et aux enjeux humains cruciaux ?<\/p><p class=\"p1\"><span style=\"background-color: var( --e-global-color-nvprimaryaccent ); font-size: var(--bodyFontSize); letter-spacing: var(--bodyLetterSpacing); text-transform: var(--bodyTextTransform);\">Pour mitiger les risques inh\u00e9rents \u00e0 toute transition digitale d&#8217;envergure, nous mettons \u00e0 votre disposition l&#8217;expertise \u00e9prouv\u00e9e de Directeurs des Syst\u00e8mes d&#8217;Information exp\u00e9riment\u00e9s.<\/span><\/p><p class=\"p1\">Rompus aux exigences du top management, ces directeurs de transition certifi\u00e9s garantissent un pilotage et une gouvernance optimale de vos chantiers les plus sensibles : refonte du SI legacy, int\u00e9gration d&#8217;un ERP, convergence post-acquisition, mise en conformit\u00e9 RGPD&#8230;<\/p><p class=\"p1\">B\u00e9n\u00e9ficiez de leur ma\u00eetrise int\u00e9grale des r\u00e9f\u00e9rentiels internationaux (COBIT, ITIL, ISO 27001) et des innovations technologiques disruptrices. Pour une transformation digitale en ligne avec les imp\u00e9ratifs business de votre organisation.<\/p>\t\t\t\t\t<\/div>\n\t\t\t\t\t\t<\/div>\n\t\t\t\t<\/div>\n\t\t\t\t<div class=\"elementor-element elementor-element-d5e0e29 elementor-align-left elementor-mobile-align-center elementor-hidden-desktop elementor-hidden-tablet elementor-hidden-phone elementor-widget elementor-widget-button\" data-id=\"d5e0e29\" data-element_type=\"widget\" data-widget_type=\"button.default\">\n\t\t\t\t<div class=\"elementor-widget-container\">\n\t\t\t\t\t<div class=\"elementor-button-wrapper\">\n\t\t\t<a href=\"https:\/\/serviceforyou.fr\/freelancer-about\/\" class=\"elementor-button-link elementor-button elementor-size-xl\" role=\"button\">\n\t\t\t\t\t\t<span class=\"elementor-button-content-wrapper\">\n\t\t\t\t\t\t<span class=\"elementor-button-text\">LEarn more<\/span>\n\t\t<\/span>\n\t\t\t\t\t<\/a>\n\t\t<\/div>\n\t\t\t\t<\/div>\n\t\t\t\t<\/div>\n\t\t\t\t\t\t<\/div>\n\t\t\t\t\t<\/div>\n\t\t<\/div>\n\t\t\t\t\t\t\t\t<\/div>\n\t\t\t\t\t<\/div>\n\t\t<\/section>\n\t\t\t\t<div class=\"elementor-element elementor-element-d9d9f99 elementor-widget elementor-widget-spacer\" data-id=\"d9d9f99\" data-element_type=\"widget\" data-widget_type=\"spacer.default\">\n\t\t\t\t<div class=\"elementor-widget-container\">\n\t\t\t\t\t<div class=\"elementor-spacer\">\n\t\t\t<div class=\"elementor-spacer-inner\"><\/div>\n\t\t<\/div>\n\t\t\t\t<\/div>\n\t\t\t\t<\/div>\n\t\t\t\t\t\t<\/div>\n\t\t\t\t\t<\/div>\n\t\t<\/div>\n\t\t\t\t\t\t\t\t<\/div>\n\t\t\t\t\t<\/div>\n\t\t<\/section>\n\t\t\t\t\t<style>\n\t\t\t\t.elementor-element-e1e1d72.neb-particles-section > canvas {\n\t\t\t\t\tz-index: -1;\n\t\t\t\t\tposition: absolute;\n\t\t\t\t\ttop: 0;\n\t\t\t\t}\n\t\t\t<\/style>\n\t\t\t\t\t<section class=\"elementor-section elementor-top-section elementor-element elementor-element-91352b0 elementor-section-boxed elementor-section-height-default elementor-section-height-default\" data-id=\"91352b0\" data-element_type=\"section\" data-settings=\"{&quot;_ha_eqh_enable&quot;:false}\">\n\t\t\t\t\t\t<div class=\"elementor-container elementor-column-gap-default\">\n\t\t\t\t\t\t\t<div class=\"elementor-row\">\n\t\t\t\t\t<div class=\"elementor-column elementor-col-100 elementor-top-column elementor-element elementor-element-61ce149\" data-id=\"61ce149\" data-element_type=\"column\">\n\t\t\t<div class=\"elementor-column-wrap elementor-element-populated\">\n\t\t\t\t\t\t\t<div class=\"elementor-widget-wrap\">\n\t\t\t\t\t\t<div class=\"elementor-element elementor-element-0d34e0c elementor-widget elementor-widget-spacer\" data-id=\"0d34e0c\" data-element_type=\"widget\" data-widget_type=\"spacer.default\">\n\t\t\t\t<div class=\"elementor-widget-container\">\n\t\t\t\t\t<div class=\"elementor-spacer\">\n\t\t\t<div class=\"elementor-spacer-inner\"><\/div>\n\t\t<\/div>\n\t\t\t\t<\/div>\n\t\t\t\t<\/div>\n\t\t\t\t\t\t<\/div>\n\t\t\t\t\t<\/div>\n\t\t<\/div>\n\t\t\t\t\t\t\t\t<\/div>\n\t\t\t\t\t<\/div>\n\t\t<\/section>\n\t\t\t\t<section class=\"elementor-section elementor-top-section elementor-element elementor-element-7800ba5 elementor-section-boxed elementor-section-height-default elementor-section-height-default\" data-id=\"7800ba5\" data-element_type=\"section\" data-settings=\"{&quot;background_background&quot;:&quot;slideshow&quot;,&quot;background_slideshow_gallery&quot;:[],&quot;background_slideshow_loop&quot;:&quot;yes&quot;,&quot;background_slideshow_slide_duration&quot;:5000,&quot;background_slideshow_slide_transition&quot;:&quot;fade&quot;,&quot;background_slideshow_transition_duration&quot;:500,&quot;_ha_eqh_enable&quot;:false}\">\n\t\t\t\t\t\t<div class=\"elementor-container elementor-column-gap-default\">\n\t\t\t\t\t\t\t<div class=\"elementor-row\">\n\t\t\t\t\t<div class=\"elementor-column elementor-col-100 elementor-top-column elementor-element elementor-element-dcb3866\" data-id=\"dcb3866\" data-element_type=\"column\">\n\t\t\t<div class=\"elementor-column-wrap elementor-element-populated\">\n\t\t\t\t\t\t\t<div class=\"elementor-widget-wrap\">\n\t\t\t\t\t\t<div class=\"elementor-element elementor-element-26af344 elementor-widget elementor-widget-heading\" data-id=\"26af344\" data-element_type=\"widget\" data-widget_type=\"heading.default\">\n\t\t\t\t<div class=\"elementor-widget-container\">\n\t\t\t<h2 class=\"elementor-heading-title elementor-size-default\">Projet IT strat\u00e9gique \u00e0 haut risque ? \nDSI de transition : notre expertise \u00e9prouv\u00e9e, votre s\u00e9r\u00e9nit\u00e9 digitale<\/h2>\t\t<\/div>\n\t\t\t\t<\/div>\n\t\t\t\t<div class=\"elementor-element elementor-element-a32b425 elementor-widget elementor-widget-text-editor\" data-id=\"a32b425\" data-element_type=\"widget\" data-widget_type=\"text-editor.default\">\n\t\t\t\t<div class=\"elementor-widget-container\">\n\t\t\t\t\t\t\t\t<div class=\"elementor-text-editor elementor-clearfix\">\n\t\t\t\t<p class=\"p1\">Dans un environnement des affaires en constante \u00e9volution et des crises d\u2019ampleurs in\u00e9dites qui se suivent et s\u2019empilent, la capacit\u00e9 d&#8217;adaptation des entreprises est mise \u00e0 rude \u00e9preuve. C&#8217;est pour r\u00e9pondre avec agilit\u00e9 \u00e0 ces situations de transformation que nous proposons l&#8217;intervention cibl\u00e9e de nos Directeurs des Syst\u00e8mes d&#8217;Information de transition.<\/p><p class=\"p1\">V\u00e9ritables partenaires des directions g\u00e9n\u00e9rales, nos DSI exp\u00e9riment\u00e9s \u00e9tablissent un plan d&#8217;action sur-mesure apr\u00e8s un audit approfondi de votre syst\u00e8me d&#8217;information.<\/p><p><strong>Objectif :<\/strong> correction des dysfonctionnements, optimisation des processus IT critiques, et in fine un meilleur alignement technologique avec votre strat\u00e9gie m\u00e9tier.<\/p><p class=\"p1\">Pour une transition digitale en phase avec votre culture d&#8217;entreprise et vos enjeux business sp\u00e9cifiques.<\/p><p class=\"p1\"><b>C&#8217;est pr\u00e9cis\u00e9ment pour accompagner les organisations dans ces phases d\u00e9cisives de transformation digitale que nos DSI de transition mettent \u00e0 profit leur expertise \u00e9prouv\u00e9e au sein de grands groupes&#8230;<\/b><\/p><p class=\"p1\"><b>Acc\u00e9l\u00e9rez la performance de votre SI avec un DSI de transition exp\u00e9riment\u00e9<\/b><\/p><p>Face aux enjeux croissants de la transformation digitale, de nombreuses entreprises font appel \u00e0 nos Directeurs des Syst\u00e8mes d&#8217;Information (DSI) de transition pour dynamiser leur SI existant\/en place et gagner en agilit\u00e9.<\/p><p class=\"p1\"><b>Les DSI interviennent aupr\u00e8s des directions g\u00e9n\u00e9rales et des \u00e9quipes IT internes pour :<\/b><\/p><ul class=\"ul1\"><li class=\"li1\">Auditer le syst\u00e8me d\u2019information selon les r\u00e9f\u00e9rentiels ISO 20000-1, ISO 27001 et COBIT 2019<\/li><li class=\"li1\">\u00c9tablir un plan d\u2019action pour restructurer et optimiser le SI existant : performances, co\u00fbts, conformit\u00e9 r\u00e9glementaire<\/li><li class=\"li1\">D\u00e9finir la strat\u00e9gie IT align\u00e9e sur la strat\u00e9gie business<\/li><li class=\"li1\">Mettre en place une gouvernance des SI robuste pour une gestion optimis\u00e9e des risques et des investissements technologiques<\/li><li class=\"li1\">Accompagner les \u00e9quipes dans l&#8217;adoption des m\u00e9thodologies ITIL 4 pour l\u2019excellence op\u00e9rationnelle<br \/><br \/><\/li><\/ul><p class=\"p1\"><b>Ils prennent en charge des missions de transition du SI, dans des contextes de :<\/b><\/p><ul class=\"ul1\"><li class=\"li1\">Fusion\/acquisition n\u00e9cessitant une refonte du SI<\/li><li class=\"li1\">Changement de business model<\/li><li class=\"li1\">Externalisation\/r\u00e9-internalisation des fonctions IT<\/li><li class=\"li1\">Crise \u00e9conomique ou sanitaire<\/li><li class=\"li1\">Vacance du poste de DSI<\/li><\/ul><p class=\"p1\"><b><br \/>Leurs chantiers strat\u00e9giques couvrent :<\/b><\/p><ul class=\"ul1\"><li class=\"li1\">Pilotage de projets de transformation digitale<\/li><li class=\"li1\">Migration des infrastructures et des donn\u00e9es<\/li><li class=\"li1\">Conduite du changement<\/li><li class=\"li1\">Refonte de la gouvernance et gestion de portefeuille IT<\/li><li class=\"li1\">Mise en conformit\u00e9 r\u00e9glementaire<\/li><\/ul><p><span style=\"background-color: var(--nv-site-bg); color: var(--nv-text-color); font-family: var(--bodyFontFamily),var(--nv-fallback-ff); font-size: var(--bodyFontSize); font-weight: var(--bodyFontWeight); letter-spacing: var(--bodyLetterSpacing); text-transform: var(--bodyTextTransform);\"><br \/>Gr\u00e2ce \u00e0 une solide exp\u00e9rience terrain et une vision 360\u00b0 des enjeux m\u00e9tiers, technologiques et humains, nos DSI garantissent une transition digitale &#8220;SMART&#8221; adapt\u00e9e en fonction de votre contexte, vos capacit\u00e9s, votre maturit\u00e9 pour en garantir l&#8217;approbation, tout en levant les freins, en activant les leviers d&#8217;un changement effectif (applicable et efficace),\u00a0 et selon votre agenda pour d\u00e9multiplier la cr\u00e9ation de valeur pour votre organisation.<\/span><\/p>\t\t\t\t\t<\/div>\n\t\t\t\t\t\t<\/div>\n\t\t\t\t<\/div>\n\t\t\t\t\t\t<\/div>\n\t\t\t\t\t<\/div>\n\t\t<\/div>\n\t\t\t\t\t\t\t\t<\/div>\n\t\t\t\t\t<\/div>\n\t\t<\/section>\n\t\t\t\t<section class=\"elementor-section elementor-top-section elementor-element elementor-element-440f021 elementor-section-boxed elementor-section-height-default elementor-section-height-default\" data-id=\"440f021\" data-element_type=\"section\" data-settings=\"{&quot;background_background&quot;:&quot;classic&quot;,&quot;_ha_eqh_enable&quot;:false}\">\n\t\t\t\t\t\t<div class=\"elementor-container elementor-column-gap-default\">\n\t\t\t\t\t\t\t<div class=\"elementor-row\">\n\t\t\t\t\t<div class=\"elementor-column elementor-col-100 elementor-top-column elementor-element elementor-element-ef76289\" data-id=\"ef76289\" data-element_type=\"column\">\n\t\t\t<div class=\"elementor-column-wrap\">\n\t\t\t\t\t\t\t<div class=\"elementor-widget-wrap\">\n\t\t\t\t\t\t\t\t<\/div>\n\t\t\t\t\t<\/div>\n\t\t<\/div>\n\t\t\t\t\t\t\t\t<\/div>\n\t\t\t\t\t<\/div>\n\t\t<\/section>\n\t\t\t\t<section class=\"elementor-section elementor-top-section elementor-element elementor-element-9489d3c elementor-section-boxed elementor-section-height-default elementor-section-height-default\" data-id=\"9489d3c\" data-element_type=\"section\" data-settings=\"{&quot;background_background&quot;:&quot;classic&quot;,&quot;_ha_eqh_enable&quot;:false}\">\n\t\t\t\t\t\t\t<div class=\"elementor-background-overlay\"><\/div>\n\t\t\t\t\t\t\t<div class=\"elementor-container elementor-column-gap-default\">\n\t\t\t\t\t\t\t<div class=\"elementor-row\">\n\t\t\t\t\t<div class=\"elementor-column elementor-col-100 elementor-top-column elementor-element elementor-element-32a381c\" data-id=\"32a381c\" data-element_type=\"column\">\n\t\t\t<div class=\"elementor-column-wrap elementor-element-populated\">\n\t\t\t\t\t\t\t<div class=\"elementor-widget-wrap\">\n\t\t\t\t\t\t<section class=\"elementor-section elementor-inner-section elementor-element elementor-element-ae64ee1 elementor-section-boxed elementor-section-height-default elementor-section-height-default\" data-id=\"ae64ee1\" data-element_type=\"section\" data-settings=\"{&quot;_ha_eqh_enable&quot;:false}\">\n\t\t\t\t\t\t<div class=\"elementor-container elementor-column-gap-default\">\n\t\t\t\t\t\t\t<div class=\"elementor-row\">\n\t\t\t\t\t<div class=\"elementor-column elementor-col-100 elementor-inner-column elementor-element elementor-element-bb3eec4\" data-id=\"bb3eec4\" data-element_type=\"column\" data-settings=\"{&quot;background_background&quot;:&quot;classic&quot;}\">\n\t\t\t<div class=\"elementor-column-wrap elementor-element-populated\">\n\t\t\t\t\t\t\t<div class=\"elementor-widget-wrap\">\n\t\t\t\t\t\t<div class=\"elementor-element elementor-element-44b440a elementor-widget elementor-widget-heading\" data-id=\"44b440a\" data-element_type=\"widget\" data-widget_type=\"heading.default\">\n\t\t\t\t<div class=\"elementor-widget-container\">\n\t\t\t<span class=\"elementor-heading-title elementor-size-default\">Vous avez besoin d'aide pour votre projet ?<\/span>\t\t<\/div>\n\t\t\t\t<\/div>\n\t\t\t\t<div class=\"elementor-element elementor-element-b5a4509 elementor-widget elementor-widget-heading\" data-id=\"b5a4509\" data-element_type=\"widget\" data-widget_type=\"heading.default\">\n\t\t\t\t<div class=\"elementor-widget-container\">\n\t\t\t<h2 class=\"elementor-heading-title elementor-size-default\">Contacter nous<\/h2>\t\t<\/div>\n\t\t\t\t<\/div>\n\t\t\t\t<div class=\"elementor-element elementor-element-03054de elementor-widget elementor-widget-spacer\" data-id=\"03054de\" data-element_type=\"widget\" data-widget_type=\"spacer.default\">\n\t\t\t\t<div class=\"elementor-widget-container\">\n\t\t\t\t\t<div class=\"elementor-spacer\">\n\t\t\t<div class=\"elementor-spacer-inner\"><\/div>\n\t\t<\/div>\n\t\t\t\t<\/div>\n\t\t\t\t<\/div>\n\t\t\t\t<div class=\"elementor-element elementor-element-cbace4d elementor-button-align-stretch elementor-widget elementor-widget-form\" data-id=\"cbace4d\" data-element_type=\"widget\" data-settings=\"{&quot;step_next_label&quot;:&quot;Suivant&quot;,&quot;step_previous_label&quot;:&quot;Pr\\u00e9c\\u00e9dent&quot;,&quot;button_width&quot;:&quot;100&quot;,&quot;step_type&quot;:&quot;number_text&quot;,&quot;step_icon_shape&quot;:&quot;circle&quot;}\" data-widget_type=\"form.default\">\n\t\t\t\t<div class=\"elementor-widget-container\">\n\t\t\t\t\t<form class=\"elementor-form\" method=\"post\" name=\"Nouveau formulaire\" action=\"\">\n\t\t\t<input type=\"hidden\" name=\"post_id\" value=\"560\"\/>\n\t\t\t<input type=\"hidden\" name=\"form_id\" value=\"cbace4d\"\/>\n\t\t\t<input type=\"hidden\" name=\"referer_title\" value=\"\" \/>\n\n\t\t\t\n\t\t\t<div class=\"elementor-form-fields-wrapper elementor-labels-\">\n\t\t\t\t\t\t\t\t<div class=\"elementor-field-type-text elementor-field-group elementor-column elementor-field-group-name elementor-col-100\">\n\t\t\t\t\t<label for=\"form-field-name\" class=\"elementor-field-label elementor-screen-only\">Nom<\/label><input size=\"1\" type=\"text\" name=\"form_fields[name]\" id=\"form-field-name\" class=\"elementor-field elementor-size-sm  elementor-field-textual\" placeholder=\"Nom\">\t\t\t\t<\/div>\n\t\t\t\t\t\t\t\t<div class=\"elementor-field-type-text elementor-field-group elementor-column elementor-field-group-field_b4e091c elementor-col-100\">\n\t\t\t\t\t<label for=\"form-field-field_b4e091c\" class=\"elementor-field-label elementor-screen-only\">Entreprise<\/label><input size=\"1\" type=\"text\" name=\"form_fields[field_b4e091c]\" id=\"form-field-field_b4e091c\" class=\"elementor-field elementor-size-sm  elementor-field-textual\" placeholder=\"Entreprise\">\t\t\t\t<\/div>\n\t\t\t\t\t\t\t\t<div class=\"elementor-field-type-email elementor-field-group elementor-column elementor-field-group-email elementor-col-100 elementor-field-required\">\n\t\t\t\t\t<label for=\"form-field-email\" class=\"elementor-field-label elementor-screen-only\">E-mail<\/label><input size=\"1\" type=\"email\" name=\"form_fields[email]\" id=\"form-field-email\" class=\"elementor-field elementor-size-sm  elementor-field-textual\" placeholder=\"E-mail\" required=\"required\" aria-required=\"true\">\t\t\t\t<\/div>\n\t\t\t\t\t\t\t\t<div class=\"elementor-field-type-textarea elementor-field-group elementor-column elementor-field-group-message elementor-col-100\">\n\t\t\t\t\t<label for=\"form-field-message\" class=\"elementor-field-label elementor-screen-only\">Message<\/label><textarea class=\"elementor-field-textual elementor-field  elementor-size-sm\" name=\"form_fields[message]\" id=\"form-field-message\" rows=\"4\" placeholder=\"Message\"><\/textarea>\t\t\t\t<\/div>\n\t\t\t\t\t\t\t\t<div class=\"elementor-field-group elementor-column elementor-field-type-submit elementor-col-100 e-form__buttons\">\n\t\t\t\t\t<button type=\"submit\" class=\"elementor-button elementor-size-sm\">\n\t\t\t\t\t\t<span >\n\t\t\t\t\t\t\t\t\t\t\t\t\t\t\t<span class=\"elementor-button-icon\">\n\t\t\t\t\t\t\t\t\t\t\t\t\t\t\t\t\t\t\t\t\t\t\t\t\t\t<\/span>\n\t\t\t\t\t\t\t\t\t\t\t\t\t\t\t\t\t\t\t\t\t\t<span class=\"elementor-button-text\">Envoyer<\/span>\n\t\t\t\t\t\t\t\t\t\t\t\t\t<\/span>\n\t\t\t\t\t<\/button>\n\t\t\t\t<\/div>\n\t\t\t<\/div>\n\t\t<input type=\"hidden\" name=\"trp-form-language\" value=\"fr\"\/><\/form>\n\t\t\t\t<\/div>\n\t\t\t\t<\/div>\n\t\t\t\t\t\t<\/div>\n\t\t\t\t\t<\/div>\n\t\t<\/div>\n\t\t\t\t\t\t\t\t<\/div>\n\t\t\t\t\t<\/div>\n\t\t<\/section>\n\t\t\t\t\t\t<\/div>\n\t\t\t\t\t<\/div>\n\t\t<\/div>\n\t\t\t\t\t\t\t\t<\/div>\n\t\t\t\t\t<\/div>\n\t\t<\/section>\n\t\t\t\t\t\t<\/div>\n\t\t\t\t\t\t<\/div>\n\t\t\t\t\t<\/div>","protected":false},"excerpt":{"rendered":"<p>SERVICE FOR YOU, La Compagnie Digitale 100% 5A &#8211; 400% LOW CODE Directeur des Syst\u00e8mes d\u2019Information de transition POur un pilotage serein de votre transformation digitale Dans un contexte business disruptif, la modernisation du syst\u00e8me d&#8217;information repr\u00e9sente un d\u00e9fi strat\u00e9gique de taille pour les DSI. Comment conduire sereinement ces projets complexes, lourds d&#8217;investissements, et aux&hellip;&nbsp;<a href=\"http:\/\/serviceforyou-lb.com\/fr\/management-de-transition-des-systemes-d-informations\" class=\"\" rel=\"bookmark\">Lire la suite &raquo;<span class=\"screen-reader-text\">Management de Transition des SI<\/span><\/a><\/p>","protected":false},"author":5,"featured_media":5,"parent":0,"menu_order":0,"comment_status":"closed","ping_status":"closed","template":"elementor_header_footer","meta":{"neve_meta_sidebar":"","neve_meta_container":"","neve_meta_enable_content_width":"","neve_meta_content_width":70,"neve_meta_title_alignment":"","neve_meta_author_avatar":"","neve_post_elements_order":"","neve_meta_disable_header":"","neve_meta_disable_footer":"","neve_meta_disable_title":"","neve_meta_reading_time":"","_ti_tpc_template_sync":false,"_ti_tpc_template_id":"u90922ussclbv82fyemu","footnotes":""},"class_list":["post-560","page","type-page","status-publish","has-post-thumbnail","hentry"],"_links":{"self":[{"href":"http:\/\/serviceforyou-lb.com\/fr\/wp-json\/wp\/v2\/pages\/560","targetHints":{"allow":["GET"]}}],"collection":[{"href":"http:\/\/serviceforyou-lb.com\/fr\/wp-json\/wp\/v2\/pages"}],"about":[{"href":"http:\/\/serviceforyou-lb.com\/fr\/wp-json\/wp\/v2\/types\/page"}],"author":[{"embeddable":true,"href":"http:\/\/serviceforyou-lb.com\/fr\/wp-json\/wp\/v2\/users\/5"}],"replies":[{"embeddable":true,"href":"http:\/\/serviceforyou-lb.com\/fr\/wp-json\/wp\/v2\/comments?post=560"}],"version-history":[{"count":11,"href":"http:\/\/serviceforyou-lb.com\/fr\/wp-json\/wp\/v2\/pages\/560\/revisions"}],"predecessor-version":[{"id":723,"href":"http:\/\/serviceforyou-lb.com\/fr\/wp-json\/wp\/v2\/pages\/560\/revisions\/723"}],"wp:featuredmedia":[{"embeddable":true,"href":"http:\/\/serviceforyou-lb.com\/fr\/wp-json\/wp\/v2\/media\/5"}],"wp:attachment":[{"href":"http:\/\/serviceforyou-lb.com\/fr\/wp-json\/wp\/v2\/media?parent=560"}],"curies":[{"name":"wp","href":"https:\/\/api.w.org\/{rel}","templated":true}]}}