{"id":752,"date":"2024-01-16T01:14:08","date_gmt":"2024-01-16T01:14:08","guid":{"rendered":"https:\/\/serviceforyou-lb.com\/?page_id=752"},"modified":"2024-01-16T01:26:51","modified_gmt":"2024-01-16T01:26:51","slug":"developpement-de-sites-web","status":"publish","type":"page","link":"http:\/\/serviceforyou-lb.com\/fr\/developpement-de-sites-web","title":{"rendered":"D\u00e9veloppement de Sites Web"},"content":{"rendered":"<div data-elementor-type=\"wp-post\" data-elementor-id=\"752\" class=\"elementor elementor-752\" data-elementor-settings=\"[]\">\n\t\t\t\t\t\t<div class=\"elementor-inner\">\n\t\t\t\t\t\t\t<div class=\"elementor-section-wrap\">\n\t\t\t\t\t\t\t<section id=\"neb-section-particles-e1e1d72\" class=\"elementor-section elementor-top-section elementor-element elementor-element-e1e1d72 elementor-section-full_width elementor-section-height-default elementor-section-height-default\" data-id=\"e1e1d72\" data-element_type=\"section\" data-settings=\"{&quot;background_background&quot;:&quot;classic&quot;,&quot;neb_particle_switch&quot;:&quot;yes&quot;,&quot;neb_reduced_motion_switch&quot;:&quot;yes&quot;,&quot;neb_particle_area_zindex&quot;:-1,&quot;neb_particle_theme_from&quot;:&quot;presets&quot;,&quot;neb_particle_preset_themes&quot;:&quot;default&quot;,&quot;_ha_eqh_enable&quot;:false}\">\n\t\t\t\t\t\t<div class=\"elementor-container elementor-column-gap-default\">\n\t\t\t\t\t\t\t<div class=\"elementor-row\">\n\t\t\t\t\t<div class=\"elementor-column elementor-col-100 elementor-top-column elementor-element elementor-element-2bae370\" data-id=\"2bae370\" data-element_type=\"column\">\n\t\t\t<div class=\"elementor-column-wrap elementor-element-populated\">\n\t\t\t\t\t\t\t<div class=\"elementor-widget-wrap\">\n\t\t\t\t\t\t<section class=\"elementor-section elementor-inner-section elementor-element elementor-element-2a1053c elementor-section-content-top elementor-section-boxed elementor-section-height-default elementor-section-height-default\" data-id=\"2a1053c\" data-element_type=\"section\" data-settings=\"{&quot;_ha_eqh_enable&quot;:false}\">\n\t\t\t\t\t\t<div class=\"elementor-container elementor-column-gap-default\">\n\t\t\t\t\t\t\t<div class=\"elementor-row\">\n\t\t\t\t\t<div class=\"elementor-column elementor-col-100 elementor-inner-column elementor-element elementor-element-a021ad4\" data-id=\"a021ad4\" data-element_type=\"column\" data-settings=\"{&quot;background_background&quot;:&quot;classic&quot;}\">\n\t\t\t<div class=\"elementor-column-wrap elementor-element-populated\">\n\t\t\t\t\t\t\t<div class=\"elementor-widget-wrap\">\n\t\t\t\t\t\t<div class=\"elementor-element elementor-element-783485f elementor-widget elementor-widget-heading\" data-id=\"783485f\" data-element_type=\"widget\" data-widget_type=\"heading.default\">\n\t\t\t\t<div class=\"elementor-widget-container\">\n\t\t\t<h1 class=\"elementor-heading-title elementor-size-large\">D\u00e9veloppement de SITES INTERNET <\/h1>\t\t<\/div>\n\t\t\t\t<\/div>\n\t\t\t\t<div class=\"elementor-element elementor-element-e284917 elementor-widget__width-initial elementor-widget elementor-widget-text-editor\" data-id=\"e284917\" data-element_type=\"widget\" data-widget_type=\"text-editor.default\">\n\t\t\t\t<div class=\"elementor-widget-container\">\n\t\t\t\t\t\t\t\t<div class=\"elementor-text-editor elementor-clearfix\">\n\t\t\t\t<h3 style=\"text-align: center;\" data-sourcepos=\"1:1-1:40\"><strong>Nous cr\u00e9ons le site web qui vous ressemble<\/strong><\/h3><p data-sourcepos=\"3:1-3:97\"><strong>Nous vous accompagnons dans la cr\u00e9ation de votre site web, simple ou complexe, de la conception \u00e0 la maintenance.<\/strong><\/p><p data-sourcepos=\"5:1-5:29\"><strong>Nos services comprennent:<\/strong><\/p><ul data-sourcepos=\"7:1-11:0\"><li data-sourcepos=\"7:1-7:124\"><strong>Conception:<\/strong>\u00a0nous vous aidons \u00e0 d\u00e9finir vos besoins et \u00e0 cr\u00e9er un site web qui r\u00e9pondra \u00e0 vos objectifs business.<\/li><li data-sourcepos=\"8:1-8:96\"><strong>D\u00e9veloppement:<\/strong>\u00a0nous mettons en \u0153uvre votre projet en utilisant les derni\u00e8res technologies.<\/li><li data-sourcepos=\"9:1-9:77\"><strong>H\u00e9bergement:<\/strong>\u00a0nous h\u00e9bergeons votre site web sur nos infrastructure s\u00e9curis\u00e9s ou chez le prestataire de votre choix<\/li><li data-sourcepos=\"10:1-11:0\"><strong>Maintenance:<\/strong>\u00a0nous mettons \u00e0 jour votre site web pour garantir son bon fonctionnement et pouvons vous fournir de nombreux services compl\u00e9mentaires pour garantir l&#8217;am\u00e9lioration continue de votre investissement.<\/li><\/ul><p data-sourcepos=\"12:1-12:114\"><strong>Contactez-nous d\u00e8s aujourd&#8217;hui en r<\/strong><strong style=\"background-color: var( --e-global-color-nvprimaryaccent );\">emplissant le formulaire ci-dessous pour nous faire part de vos besoins et nous vous contacterons pour en discuter et vous faire une offre sur mesure.\u00a0<\/strong><\/p>\t\t\t\t\t<\/div>\n\t\t\t\t\t\t<\/div>\n\t\t\t\t<\/div>\n\t\t\t\t<div class=\"elementor-element elementor-element-d5e0e29 elementor-align-left elementor-mobile-align-center elementor-hidden-desktop elementor-hidden-tablet elementor-hidden-phone elementor-widget elementor-widget-button\" data-id=\"d5e0e29\" data-element_type=\"widget\" data-widget_type=\"button.default\">\n\t\t\t\t<div class=\"elementor-widget-container\">\n\t\t\t\t\t<div class=\"elementor-button-wrapper\">\n\t\t\t<a href=\"https:\/\/serviceforyou.fr\/freelancer-about\/\" class=\"elementor-button-link elementor-button elementor-size-xl\" role=\"button\">\n\t\t\t\t\t\t<span class=\"elementor-button-content-wrapper\">\n\t\t\t\t\t\t<span class=\"elementor-button-text\">LEarn more<\/span>\n\t\t<\/span>\n\t\t\t\t\t<\/a>\n\t\t<\/div>\n\t\t\t\t<\/div>\n\t\t\t\t<\/div>\n\t\t\t\t\t\t<\/div>\n\t\t\t\t\t<\/div>\n\t\t<\/div>\n\t\t\t\t\t\t\t\t<\/div>\n\t\t\t\t\t<\/div>\n\t\t<\/section>\n\t\t\t\t<div class=\"elementor-element elementor-element-d9d9f99 elementor-widget elementor-widget-spacer\" data-id=\"d9d9f99\" data-element_type=\"widget\" data-widget_type=\"spacer.default\">\n\t\t\t\t<div class=\"elementor-widget-container\">\n\t\t\t\t\t<div class=\"elementor-spacer\">\n\t\t\t<div class=\"elementor-spacer-inner\"><\/div>\n\t\t<\/div>\n\t\t\t\t<\/div>\n\t\t\t\t<\/div>\n\t\t\t\t\t\t<\/div>\n\t\t\t\t\t<\/div>\n\t\t<\/div>\n\t\t\t\t\t\t\t\t<\/div>\n\t\t\t\t\t<\/div>\n\t\t<\/section>\n\t\t\t\t\t<style>\n\t\t\t\t.elementor-element-e1e1d72.neb-particles-section > canvas {\n\t\t\t\t\tz-index: -1;\n\t\t\t\t\tposition: absolute;\n\t\t\t\t\ttop: 0;\n\t\t\t\t}\n\t\t\t<\/style>\n\t\t\t\t\t<section class=\"elementor-section elementor-top-section elementor-element elementor-element-91352b0 elementor-section-boxed elementor-section-height-default elementor-section-height-default\" data-id=\"91352b0\" data-element_type=\"section\" data-settings=\"{&quot;_ha_eqh_enable&quot;:false}\">\n\t\t\t\t\t\t<div class=\"elementor-container elementor-column-gap-default\">\n\t\t\t\t\t\t\t<div class=\"elementor-row\">\n\t\t\t\t\t<div class=\"elementor-column elementor-col-100 elementor-top-column elementor-element elementor-element-61ce149\" data-id=\"61ce149\" data-element_type=\"column\">\n\t\t\t<div class=\"elementor-column-wrap\">\n\t\t\t\t\t\t\t<div class=\"elementor-widget-wrap\">\n\t\t\t\t\t\t\t\t<\/div>\n\t\t\t\t\t<\/div>\n\t\t<\/div>\n\t\t\t\t\t\t\t\t<\/div>\n\t\t\t\t\t<\/div>\n\t\t<\/section>\n\t\t\t\t<section class=\"elementor-section elementor-top-section elementor-element elementor-element-15d1444 elementor-section-boxed elementor-section-height-default elementor-section-height-default\" data-id=\"15d1444\" data-element_type=\"section\" data-settings=\"{&quot;_ha_eqh_enable&quot;:false}\">\n\t\t\t\t\t\t<div class=\"elementor-container elementor-column-gap-default\">\n\t\t\t\t\t\t\t<div class=\"elementor-row\">\n\t\t\t\t\t<div class=\"elementor-column elementor-col-100 elementor-top-column elementor-element elementor-element-42b5fdc\" data-id=\"42b5fdc\" data-element_type=\"column\">\n\t\t\t<div class=\"elementor-column-wrap elementor-element-populated\">\n\t\t\t\t\t\t\t<div class=\"elementor-widget-wrap\">\n\t\t\t\t\t\t<div class=\"elementor-element elementor-element-ec8bc85 elementor-widget elementor-widget-html\" data-id=\"ec8bc85\" data-element_type=\"widget\" data-widget_type=\"html.default\">\n\t\t\t\t<div class=\"elementor-widget-container\">\n\t\t\t<iframe loading=\"lazy\" src=\"https:\/\/audit4it.serviceforyou-lb.com\/index.php\/347689?lang=fr\" style=\"border:0px #ffffff none;\" name=\"myiFrame\" scrolling=\"yes\" frameborder=\"1\" marginheight=\"0px\" marginwidth=\"0px\" height=\"800px\" width=\"800px\" allowfullscreen><\/iframe>\t\t<\/div>\n\t\t\t\t<\/div>\n\t\t\t\t\t\t<\/div>\n\t\t\t\t\t<\/div>\n\t\t<\/div>\n\t\t\t\t\t\t\t\t<\/div>\n\t\t\t\t\t<\/div>\n\t\t<\/section>\n\t\t\t\t<section class=\"elementor-section elementor-top-section elementor-element elementor-element-440f021 elementor-section-boxed elementor-section-height-default elementor-section-height-default\" data-id=\"440f021\" data-element_type=\"section\" data-settings=\"{&quot;background_background&quot;:&quot;classic&quot;,&quot;_ha_eqh_enable&quot;:false}\">\n\t\t\t\t\t\t<div class=\"elementor-container elementor-column-gap-default\">\n\t\t\t\t\t\t\t<div class=\"elementor-row\">\n\t\t\t\t\t<div class=\"elementor-column elementor-col-100 elementor-top-column elementor-element elementor-element-ef76289\" data-id=\"ef76289\" data-element_type=\"column\">\n\t\t\t<div class=\"elementor-column-wrap\">\n\t\t\t\t\t\t\t<div class=\"elementor-widget-wrap\">\n\t\t\t\t\t\t\t\t<\/div>\n\t\t\t\t\t<\/div>\n\t\t<\/div>\n\t\t\t\t\t\t\t\t<\/div>\n\t\t\t\t\t<\/div>\n\t\t<\/section>\n\t\t\t\t<section class=\"elementor-section elementor-top-section elementor-element elementor-element-9489d3c elementor-section-boxed elementor-section-height-default elementor-section-height-default\" data-id=\"9489d3c\" data-element_type=\"section\" data-settings=\"{&quot;background_background&quot;:&quot;classic&quot;,&quot;_ha_eqh_enable&quot;:false}\">\n\t\t\t\t\t\t\t<div class=\"elementor-background-overlay\"><\/div>\n\t\t\t\t\t\t\t<div class=\"elementor-container elementor-column-gap-default\">\n\t\t\t\t\t\t\t<div class=\"elementor-row\">\n\t\t\t\t\t<div class=\"elementor-column elementor-col-100 elementor-top-column elementor-element elementor-element-32a381c\" data-id=\"32a381c\" data-element_type=\"column\">\n\t\t\t<div class=\"elementor-column-wrap elementor-element-populated\">\n\t\t\t\t\t\t\t<div class=\"elementor-widget-wrap\">\n\t\t\t\t\t\t<section class=\"elementor-section elementor-inner-section elementor-element elementor-element-ae64ee1 elementor-section-boxed elementor-section-height-default elementor-section-height-default\" data-id=\"ae64ee1\" data-element_type=\"section\" data-settings=\"{&quot;_ha_eqh_enable&quot;:false}\">\n\t\t\t\t\t\t<div class=\"elementor-container elementor-column-gap-default\">\n\t\t\t\t\t\t\t<div class=\"elementor-row\">\n\t\t\t\t\t<div class=\"elementor-column elementor-col-100 elementor-inner-column elementor-element elementor-element-bb3eec4\" data-id=\"bb3eec4\" data-element_type=\"column\" data-settings=\"{&quot;background_background&quot;:&quot;classic&quot;}\">\n\t\t\t<div class=\"elementor-column-wrap elementor-element-populated\">\n\t\t\t\t\t\t\t<div class=\"elementor-widget-wrap\">\n\t\t\t\t\t\t<div class=\"elementor-element elementor-element-44b440a elementor-widget elementor-widget-heading\" data-id=\"44b440a\" data-element_type=\"widget\" data-widget_type=\"heading.default\">\n\t\t\t\t<div class=\"elementor-widget-container\">\n\t\t\t<span class=\"elementor-heading-title elementor-size-default\">Vous avez besoin d'aide pour votre projet ?<\/span>\t\t<\/div>\n\t\t\t\t<\/div>\n\t\t\t\t<div class=\"elementor-element elementor-element-b5a4509 elementor-widget elementor-widget-heading\" data-id=\"b5a4509\" data-element_type=\"widget\" data-widget_type=\"heading.default\">\n\t\t\t\t<div class=\"elementor-widget-container\">\n\t\t\t<h2 class=\"elementor-heading-title elementor-size-default\">Contacter nous<\/h2>\t\t<\/div>\n\t\t\t\t<\/div>\n\t\t\t\t<div class=\"elementor-element elementor-element-03054de elementor-widget elementor-widget-spacer\" data-id=\"03054de\" data-element_type=\"widget\" data-widget_type=\"spacer.default\">\n\t\t\t\t<div class=\"elementor-widget-container\">\n\t\t\t\t\t<div class=\"elementor-spacer\">\n\t\t\t<div class=\"elementor-spacer-inner\"><\/div>\n\t\t<\/div>\n\t\t\t\t<\/div>\n\t\t\t\t<\/div>\n\t\t\t\t<div class=\"elementor-element elementor-element-cbace4d elementor-button-align-stretch elementor-widget elementor-widget-form\" data-id=\"cbace4d\" data-element_type=\"widget\" data-settings=\"{&quot;step_next_label&quot;:&quot;Suivant&quot;,&quot;step_previous_label&quot;:&quot;Pr\\u00e9c\\u00e9dent&quot;,&quot;button_width&quot;:&quot;100&quot;,&quot;step_type&quot;:&quot;number_text&quot;,&quot;step_icon_shape&quot;:&quot;circle&quot;}\" data-widget_type=\"form.default\">\n\t\t\t\t<div class=\"elementor-widget-container\">\n\t\t\t\t\t<form class=\"elementor-form\" method=\"post\" name=\"Nouveau formulaire\" action=\"\">\n\t\t\t<input type=\"hidden\" name=\"post_id\" value=\"752\"\/>\n\t\t\t<input type=\"hidden\" name=\"form_id\" value=\"cbace4d\"\/>\n\t\t\t<input type=\"hidden\" name=\"referer_title\" value=\"\" \/>\n\n\t\t\t\n\t\t\t<div class=\"elementor-form-fields-wrapper elementor-labels-\">\n\t\t\t\t\t\t\t\t<div class=\"elementor-field-type-text elementor-field-group elementor-column elementor-field-group-name elementor-col-100\">\n\t\t\t\t\t<label for=\"form-field-name\" class=\"elementor-field-label elementor-screen-only\">Nom<\/label><input size=\"1\" type=\"text\" name=\"form_fields[name]\" id=\"form-field-name\" class=\"elementor-field elementor-size-sm  elementor-field-textual\" placeholder=\"Nom\">\t\t\t\t<\/div>\n\t\t\t\t\t\t\t\t<div class=\"elementor-field-type-text elementor-field-group elementor-column elementor-field-group-field_b4e091c elementor-col-100\">\n\t\t\t\t\t<label for=\"form-field-field_b4e091c\" class=\"elementor-field-label elementor-screen-only\">Entreprise<\/label><input size=\"1\" type=\"text\" name=\"form_fields[field_b4e091c]\" id=\"form-field-field_b4e091c\" class=\"elementor-field elementor-size-sm  elementor-field-textual\" placeholder=\"Entreprise\">\t\t\t\t<\/div>\n\t\t\t\t\t\t\t\t<div class=\"elementor-field-type-email elementor-field-group elementor-column elementor-field-group-email elementor-col-100 elementor-field-required\">\n\t\t\t\t\t<label for=\"form-field-email\" class=\"elementor-field-label elementor-screen-only\">E-mail<\/label><input size=\"1\" type=\"email\" name=\"form_fields[email]\" id=\"form-field-email\" class=\"elementor-field elementor-size-sm  elementor-field-textual\" placeholder=\"E-mail\" required=\"required\" aria-required=\"true\">\t\t\t\t<\/div>\n\t\t\t\t\t\t\t\t<div class=\"elementor-field-type-textarea elementor-field-group elementor-column elementor-field-group-message elementor-col-100\">\n\t\t\t\t\t<label for=\"form-field-message\" class=\"elementor-field-label elementor-screen-only\">Message<\/label><textarea class=\"elementor-field-textual elementor-field  elementor-size-sm\" name=\"form_fields[message]\" id=\"form-field-message\" rows=\"4\" placeholder=\"Message\"><\/textarea>\t\t\t\t<\/div>\n\t\t\t\t\t\t\t\t<div class=\"elementor-field-group elementor-column elementor-field-type-submit elementor-col-100 e-form__buttons\">\n\t\t\t\t\t<button type=\"submit\" class=\"elementor-button elementor-size-sm\">\n\t\t\t\t\t\t<span >\n\t\t\t\t\t\t\t\t\t\t\t\t\t\t\t<span class=\"elementor-button-icon\">\n\t\t\t\t\t\t\t\t\t\t\t\t\t\t\t\t\t\t\t\t\t\t\t\t\t\t<\/span>\n\t\t\t\t\t\t\t\t\t\t\t\t\t\t\t\t\t\t\t\t\t\t<span class=\"elementor-button-text\">Envoyer<\/span>\n\t\t\t\t\t\t\t\t\t\t\t\t\t<\/span>\n\t\t\t\t\t<\/button>\n\t\t\t\t<\/div>\n\t\t\t<\/div>\n\t\t<input type=\"hidden\" name=\"trp-form-language\" value=\"fr\"\/><\/form>\n\t\t\t\t<\/div>\n\t\t\t\t<\/div>\n\t\t\t\t\t\t<\/div>\n\t\t\t\t\t<\/div>\n\t\t<\/div>\n\t\t\t\t\t\t\t\t<\/div>\n\t\t\t\t\t<\/div>\n\t\t<\/section>\n\t\t\t\t\t\t<\/div>\n\t\t\t\t\t<\/div>\n\t\t<\/div>\n\t\t\t\t\t\t\t\t<\/div>\n\t\t\t\t\t<\/div>\n\t\t<\/section>\n\t\t\t\t\t\t<\/div>\n\t\t\t\t\t\t<\/div>\n\t\t\t\t\t<\/div>","protected":false},"excerpt":{"rendered":"<p>D\u00e9veloppement de SITES INTERNET Nous cr\u00e9ons le site web qui vous ressemble Nous vous accompagnons dans la cr\u00e9ation de votre site web, simple ou complexe, de la conception \u00e0 la maintenance. Nos services comprennent: Conception:\u00a0nous vous aidons \u00e0 d\u00e9finir vos besoins et \u00e0 cr\u00e9er un site web qui r\u00e9pondra \u00e0 vos objectifs business. D\u00e9veloppement:\u00a0nous mettons&hellip;&nbsp;<a href=\"http:\/\/serviceforyou-lb.com\/fr\/developpement-de-sites-web\" class=\"\" rel=\"bookmark\">Lire la suite &raquo;<span class=\"screen-reader-text\">D\u00e9veloppement de Sites Web<\/span><\/a><\/p>","protected":false},"author":5,"featured_media":5,"parent":0,"menu_order":0,"comment_status":"closed","ping_status":"closed","template":"elementor_header_footer","meta":{"neve_meta_sidebar":"","neve_meta_container":"","neve_meta_enable_content_width":"","neve_meta_content_width":70,"neve_meta_title_alignment":"","neve_meta_author_avatar":"","neve_post_elements_order":"","neve_meta_disable_header":"","neve_meta_disable_footer":"","neve_meta_disable_title":"","neve_meta_reading_time":"","_ti_tpc_template_sync":false,"_ti_tpc_template_id":"u90922ussclbv82fyemu","footnotes":""},"class_list":["post-752","page","type-page","status-publish","has-post-thumbnail","hentry"],"_links":{"self":[{"href":"http:\/\/serviceforyou-lb.com\/fr\/wp-json\/wp\/v2\/pages\/752","targetHints":{"allow":["GET"]}}],"collection":[{"href":"http:\/\/serviceforyou-lb.com\/fr\/wp-json\/wp\/v2\/pages"}],"about":[{"href":"http:\/\/serviceforyou-lb.com\/fr\/wp-json\/wp\/v2\/types\/page"}],"author":[{"embeddable":true,"href":"http:\/\/serviceforyou-lb.com\/fr\/wp-json\/wp\/v2\/users\/5"}],"replies":[{"embeddable":true,"href":"http:\/\/serviceforyou-lb.com\/fr\/wp-json\/wp\/v2\/comments?post=752"}],"version-history":[{"count":4,"href":"http:\/\/serviceforyou-lb.com\/fr\/wp-json\/wp\/v2\/pages\/752\/revisions"}],"predecessor-version":[{"id":758,"href":"http:\/\/serviceforyou-lb.com\/fr\/wp-json\/wp\/v2\/pages\/752\/revisions\/758"}],"wp:featuredmedia":[{"embeddable":true,"href":"http:\/\/serviceforyou-lb.com\/fr\/wp-json\/wp\/v2\/media\/5"}],"wp:attachment":[{"href":"http:\/\/serviceforyou-lb.com\/fr\/wp-json\/wp\/v2\/media?parent=752"}],"curies":[{"name":"wp","href":"https:\/\/api.w.org\/{rel}","templated":true}]}}